{"id":5184,"date":"2025-06-18T09:33:42","date_gmt":"2025-06-18T09:33:42","guid":{"rendered":"https:\/\/maialiving.com\/uber-uns\/"},"modified":"2025-09-22T13:07:07","modified_gmt":"2025-09-22T13:07:07","slug":"uber-uns","status":"publish","type":"page","link":"https:\/\/maialiving.com\/it\/uber-uns\/","title":{"rendered":"\u00dcber uns"},"content":{"rendered":"\t\t<div data-elementor-type=\"wp-page\" data-elementor-id=\"5184\" class=\"elementor elementor-5184 elementor-2671\" data-elementor-post-type=\"page\">\n\t\t\t\t<div data-dce-background-image-url=\"https:\/\/maialiving.com\/wp-content\/uploads\/2025\/06\/Vista_tramonto-1-scaled.jpg\" class=\"elementor-element elementor-element-b9ba029 e-flex e-con-boxed elementor-invisible e-con e-parent\" data-id=\"b9ba029\" data-element_type=\"container\" data-e-type=\"container\" data-settings=\"{&quot;background_background&quot;:&quot;classic&quot;,&quot;animation&quot;:&quot;fadeIn&quot;}\">\n\t\t\t\t\t<div class=\"e-con-inner\">\n\t\t\t\t\t<\/div>\n\t\t\t\t<\/div>\n\t\t<div class=\"elementor-element elementor-element-ea63c65 e-flex e-con-boxed elementor-invisible e-con e-parent\" data-id=\"ea63c65\" data-element_type=\"container\" data-e-type=\"container\" data-settings=\"{&quot;background_background&quot;:&quot;classic&quot;,&quot;animation&quot;:&quot;fadeIn&quot;}\">\n\t\t\t\t\t<div class=\"e-con-inner\">\n\t\t\t\t<div class=\"elementor-element elementor-element-6436980 elementor-widget-divider--view-line_text elementor-widget-divider--element-align-center elementor-widget elementor-widget-divider\" data-id=\"6436980\" data-element_type=\"widget\" data-e-type=\"widget\" data-widget_type=\"divider.default\">\n\t\t\t\t<div class=\"elementor-widget-container\">\n\t\t\t\t\t\t\t<div class=\"elementor-divider\">\n\t\t\t<span class=\"elementor-divider-separator\">\n\t\t\t\t\t\t\t<h2 class=\"elementor-divider__text elementor-divider__element\">\n\t\t\t\tSpazi abitativi visionari con stile e sostanza\t\t\t\t<\/h2>\n\t\t\t\t\t\t<\/span>\n\t\t<\/div>\n\t\t\t\t\t\t<\/div>\n\t\t\t\t<\/div>\n\t\t<div class=\"elementor-element elementor-element-c1f5bf9 e-con-full e-flex e-con e-child\" data-id=\"c1f5bf9\" data-element_type=\"container\" data-e-type=\"container\">\n\t\t<div class=\"elementor-element elementor-element-ae6195d e-con-full e-flex e-con e-child\" data-id=\"ae6195d\" data-element_type=\"container\" data-e-type=\"container\">\n\t\t\t\t<div class=\"elementor-element elementor-element-c4f9c12 elementor-widget elementor-widget-text-editor\" data-id=\"c4f9c12\" data-element_type=\"widget\" data-e-type=\"widget\" data-widget_type=\"text-editor.default\">\n\t\t\t\t<div class=\"elementor-widget-container\">\n\t\t\t\t\t\t\t\t\t<p>Maia Living GmbH \u00e8 un&#8217;azienda emergente nel settore immobiliare, i cui soci fondatori operano con successo da oltre 30 anni nel settore dell\u2019edilizia e dell\u2019immobiliare. La nostra lunga esperienza, unita a una costante ricerca della perfezione e della realizzazione, fa s\u00ec che i nostri immobili non siano semplici appartamenti, ma la vostra &#8220;casa dei sogni&#8221;. Il nostro focus \u00e8 sulla sostenibilit\u00e0, sull\u2019uso efficiente delle risorse e sulla soddisfazione dei desideri dei clienti.<\/p>\n<p>La nostra visione non \u00e8 solo costruire edifici, ma creare spazi abitativi che soddisfino i pi\u00f9 alti standard. Maia Living GmbH si distingue per la combinazione di qualit\u00e0, estetica e funzionalit\u00e0. Attribuiamo grande importanza a processi di costruzione ecologici e tecnologie innovative, per creare immobili sostenibili che parlino non solo alle generazioni attuali, ma anche a quelle future.<\/p>\n<p>Il nostro team dedicato lavora a stretto contatto con i clienti per comprendere le loro esigenze e desideri individuali, e integrarli in ogni progetto. Siamo orgogliosi del fatto che i nostri complessi residenziali non siano solo luoghi in cui vivere, ma spazi dove i sogni diventano realt\u00e0.<\/p>\n<p>In Maia Living GmbH, il cliente \u00e8 al centro di tutto. La nostra passione e il nostro impegno per creare immobili unici e di alta qualit\u00e0 ci spingono a fissare sempre nuovi standard. Benvenuti nella vostra nuova casa \u2013 benvenuti da Maia Living GmbH.<\/p>\n<p><em><strong>Realizziamo complessi residenziali in tutto il nord Italia.<\/strong><\/em><\/p>\n\t\t\t\t\t\t\t\t<\/div>\n\t\t\t\t<\/div>\n\t\t\t\t<div data-dce-background-color=\"#7E7038\" class=\"elementor-element elementor-element-dd8309a elementor-align-left btn_style elementor-widget elementor-widget-button\" data-id=\"dd8309a\" data-element_type=\"widget\" data-e-type=\"widget\" data-widget_type=\"button.default\">\n\t\t\t\t<div class=\"elementor-widget-container\">\n\t\t\t\t\t\t\t\t\t<div class=\"elementor-button-wrapper\">\n\t\t\t\t\t<a class=\"elementor-button elementor-button-link elementor-size-sm\" href=\"https:\/\/maialiving.com\/it\/alle-immobilien\/\">\n\t\t\t\t\t\t<span class=\"elementor-button-content-wrapper\">\n\t\t\t\t\t\t<span class=\"elementor-button-icon\">\n\t\t\t\t<i aria-hidden=\"true\" class=\" arrow_carrot-2right\"><\/i>\t\t\t<\/span>\n\t\t\t\t\t\t\t\t\t<span class=\"elementor-button-text\">Trova la tua casa dei sogni<\/span>\n\t\t\t\t\t<\/span>\n\t\t\t\t\t<\/a>\n\t\t\t\t<\/div>\n\t\t\t\t\t\t\t\t<\/div>\n\t\t\t\t<\/div>\n\t\t\t\t<\/div>\n\t\t<div class=\"elementor-element elementor-element-7058d03 e-con-full e-flex e-con e-child\" data-id=\"7058d03\" data-element_type=\"container\" data-e-type=\"container\" data-settings=\"{&quot;sticky&quot;:&quot;top&quot;,&quot;sticky_on&quot;:[&quot;desktop&quot;],&quot;sticky_offset&quot;:150,&quot;sticky_parent&quot;:&quot;yes&quot;,&quot;sticky_effects_offset&quot;:0,&quot;sticky_anchor_link_offset&quot;:0}\">\n\t\t\t\t<div class=\"elementor-element elementor-element-e98bdd8 img_style dce_masking-none elementor-widget elementor-widget-image\" data-id=\"e98bdd8\" data-element_type=\"widget\" data-e-type=\"widget\" data-widget_type=\"image.default\">\n\t\t\t\t<div class=\"elementor-widget-container\">\n\t\t\t\t\t\t\t\t\t\t\t\t\t\t\t<img fetchpriority=\"high\" decoding=\"async\" width=\"1920\" height=\"1080\" src=\"https:\/\/maialiving.com\/wp-content\/uploads\/2025\/01\/Zimmer-OG-1.png\" class=\"attachment-full size-full wp-image-6402\" alt=\"\" srcset=\"https:\/\/maialiving.com\/wp-content\/uploads\/2025\/01\/Zimmer-OG-1.png 1920w, https:\/\/maialiving.com\/wp-content\/uploads\/2025\/01\/Zimmer-OG-1-300x169.png 300w, https:\/\/maialiving.com\/wp-content\/uploads\/2025\/01\/Zimmer-OG-1-1024x576.png 1024w, https:\/\/maialiving.com\/wp-content\/uploads\/2025\/01\/Zimmer-OG-1-768x432.png 768w, https:\/\/maialiving.com\/wp-content\/uploads\/2025\/01\/Zimmer-OG-1-1536x864.png 1536w\" sizes=\"(max-width: 1920px) 100vw, 1920px\" \/>\t\t\t\t\t\t\t\t\t\t\t\t\t\t\t<\/div>\n\t\t\t\t<\/div>\n\t\t\t\t<\/div>\n\t\t\t\t<\/div>\n\t\t\t\t\t<\/div>\n\t\t\t\t<\/div>\n\t\t<div class=\"elementor-element elementor-element-259f2de elementor-hidden-desktop elementor-hidden-tablet elementor-hidden-mobile e-flex e-con-boxed elementor-invisible e-con e-parent\" data-id=\"259f2de\" data-element_type=\"container\" data-e-type=\"container\" data-settings=\"{&quot;background_background&quot;:&quot;classic&quot;,&quot;animation&quot;:&quot;fadeIn&quot;}\">\n\t\t\t\t\t<div class=\"e-con-inner\">\n\t\t<div class=\"elementor-element elementor-element-9b83129 e-flex e-con-boxed e-con e-child\" data-id=\"9b83129\" data-element_type=\"container\" data-e-type=\"container\">\n\t\t\t\t\t<div class=\"e-con-inner\">\n\t\t\t\t<div class=\"elementor-element elementor-element-594f32f elementor-widget-divider--view-line_text elementor-widget-divider--element-align-center elementor-widget elementor-widget-divider\" data-id=\"594f32f\" data-element_type=\"widget\" data-e-type=\"widget\" data-widget_type=\"divider.default\">\n\t\t\t\t<div class=\"elementor-widget-container\">\n\t\t\t\t\t\t\t<div class=\"elementor-divider\">\n\t\t\t<span class=\"elementor-divider-separator\">\n\t\t\t\t\t\t\t<h2 class=\"elementor-divider__text elementor-divider__element\">\n\t\t\t\tEsperienza. Passione. Affidabilit\u00e0.\t\t\t\t\t<\/h2>\n\t\t\t\t\t\t<\/span>\n\t\t<\/div>\n\t\t\t\t\t\t<\/div>\n\t\t\t\t<\/div>\n\t\t\t\t<div class=\"elementor-element elementor-element-b12d956 elementor-widget__width-initial elementor-widget elementor-widget-text-editor\" data-id=\"b12d956\" data-element_type=\"widget\" data-e-type=\"widget\" data-widget_type=\"text-editor.default\">\n\t\t\t\t<div class=\"elementor-widget-container\">\n\t\t\t\t\t\t\t\t\t<p>Unser engagiertes Team arbeitet eng mit unseren Kunden zusammen, um ihre individuellen Bed\u00fcrfnisse und W\u00fcnsche zu verstehen und in jedem Projekt zu ber\u00fccksichtigen. Wir sind stolz darauf, dass unsere Wohnanlagen nicht nur ein Ort zum Leben sind, sondern ein Ort, an dem Tr\u00e4ume wahr werden.<\/p>\n\t\t\t\t\t\t\t\t<\/div>\n\t\t\t\t<\/div>\n\t\t<div class=\"elementor-element elementor-element-b1ef6bd e-con-full e-flex e-con e-child\" data-id=\"b1ef6bd\" data-element_type=\"container\" data-e-type=\"container\">\n\t\t<div class=\"elementor-element elementor-element-4fe3954 e-con-full e-flex e-con e-child\" data-id=\"4fe3954\" data-element_type=\"container\" data-e-type=\"container\" data-settings=\"{&quot;background_background&quot;:&quot;classic&quot;}\">\n\t\t\t\t<div class=\"elementor-element elementor-element-e5aebd3 img_style dce_masking-none elementor-widget elementor-widget-image\" data-id=\"e5aebd3\" data-element_type=\"widget\" data-e-type=\"widget\" data-widget_type=\"image.default\">\n\t\t\t\t<div class=\"elementor-widget-container\">\n\t\t\t\t\t\t\t\t\t\t\t\t\t\t\t<img decoding=\"async\" src=\"https:\/\/maialiving.com\/wp-content\/uploads\/2025\/07\/team002.jpg\" title=\"\" alt=\"\" loading=\"lazy\" \/>\t\t\t\t\t\t\t\t\t\t\t\t\t\t\t<\/div>\n\t\t\t\t<\/div>\n\t\t\t\t<div class=\"elementor-element elementor-element-ca1467e elementor-widget elementor-widget-heading\" data-id=\"ca1467e\" data-element_type=\"widget\" data-e-type=\"widget\" data-widget_type=\"heading.default\">\n\t\t\t\t<div class=\"elementor-widget-container\">\n\t\t\t\t\t<h2 class=\"elementor-heading-title elementor-size-default\">Daniela Berthold<\/h2>\t\t\t\t<\/div>\n\t\t\t\t<\/div>\n\t\t\t\t<div class=\"elementor-element elementor-element-cd5dd37 elementor-align-center elementor-mobile-align-start elementor-icon-list--layout-traditional elementor-list-item-link-full_width elementor-widget elementor-widget-icon-list\" data-id=\"cd5dd37\" data-element_type=\"widget\" data-e-type=\"widget\" data-widget_type=\"icon-list.default\">\n\t\t\t\t<div class=\"elementor-widget-container\">\n\t\t\t\t\t\t\t<ul class=\"elementor-icon-list-items\">\n\t\t\t\t\t\t\t<li class=\"elementor-icon-list-item\">\n\t\t\t\t\t\t\t\t\t\t\t<span class=\"elementor-icon-list-icon\">\n\t\t\t\t\t\t\t<i aria-hidden=\"true\" class=\"icons icon-envelope-letter\"><\/i>\t\t\t\t\t\t<\/span>\n\t\t\t\t\t\t\t\t\t\t<span class=\"elementor-icon-list-text\">E-Mail: danielaberthold@gmail.com<\/span>\n\t\t\t\t\t\t\t\t\t<\/li>\n\t\t\t\t\t\t\t\t<li class=\"elementor-icon-list-item\">\n\t\t\t\t\t\t\t\t\t\t\t<span class=\"elementor-icon-list-icon\">\n\t\t\t\t\t\t\t<i aria-hidden=\"true\" class=\"icons icon-screen-smartphone\"><\/i>\t\t\t\t\t\t<\/span>\n\t\t\t\t\t\t\t\t\t\t<span class=\"elementor-icon-list-text\">Telefon: 111 234 689<\/span>\n\t\t\t\t\t\t\t\t\t<\/li>\n\t\t\t\t\t\t<\/ul>\n\t\t\t\t\t\t<\/div>\n\t\t\t\t<\/div>\n\t\t\t\t<\/div>\n\t\t<div class=\"elementor-element elementor-element-e3c6fe4 e-con-full e-flex e-con e-child\" data-id=\"e3c6fe4\" data-element_type=\"container\" data-e-type=\"container\" data-settings=\"{&quot;background_background&quot;:&quot;classic&quot;}\">\n\t\t\t\t<div class=\"elementor-element elementor-element-d32ff1c img_style dce_masking-none elementor-widget elementor-widget-image\" data-id=\"d32ff1c\" data-element_type=\"widget\" data-e-type=\"widget\" data-widget_type=\"image.default\">\n\t\t\t\t<div class=\"elementor-widget-container\">\n\t\t\t\t\t\t\t\t\t\t\t\t\t\t\t<img decoding=\"async\" src=\"https:\/\/maialiving.com\/wp-content\/uploads\/2025\/07\/team007.jpg\" title=\"\" alt=\"\" loading=\"lazy\" \/>\t\t\t\t\t\t\t\t\t\t\t\t\t\t\t<\/div>\n\t\t\t\t<\/div>\n\t\t\t\t<div class=\"elementor-element elementor-element-e1b461a elementor-widget elementor-widget-heading\" data-id=\"e1b461a\" data-element_type=\"widget\" data-e-type=\"widget\" data-widget_type=\"heading.default\">\n\t\t\t\t<div class=\"elementor-widget-container\">\n\t\t\t\t\t<h2 class=\"elementor-heading-title elementor-size-default\">Samuel Lanser<\/h2>\t\t\t\t<\/div>\n\t\t\t\t<\/div>\n\t\t\t\t<div class=\"elementor-element elementor-element-f1c30d8 elementor-align-center elementor-mobile-align-start elementor-icon-list--layout-traditional elementor-list-item-link-full_width elementor-widget elementor-widget-icon-list\" data-id=\"f1c30d8\" data-element_type=\"widget\" data-e-type=\"widget\" data-widget_type=\"icon-list.default\">\n\t\t\t\t<div class=\"elementor-widget-container\">\n\t\t\t\t\t\t\t<ul class=\"elementor-icon-list-items\">\n\t\t\t\t\t\t\t<li class=\"elementor-icon-list-item\">\n\t\t\t\t\t\t\t\t\t\t\t<span class=\"elementor-icon-list-icon\">\n\t\t\t\t\t\t\t<i aria-hidden=\"true\" class=\"icons icon-envelope-letter\"><\/i>\t\t\t\t\t\t<\/span>\n\t\t\t\t\t\t\t\t\t\t<span class=\"elementor-icon-list-text\">E-Mail: samuellanser@gmail.com<\/span>\n\t\t\t\t\t\t\t\t\t<\/li>\n\t\t\t\t\t\t\t\t<li class=\"elementor-icon-list-item\">\n\t\t\t\t\t\t\t\t\t\t\t<span class=\"elementor-icon-list-icon\">\n\t\t\t\t\t\t\t<i aria-hidden=\"true\" class=\"icons icon-screen-smartphone\"><\/i>\t\t\t\t\t\t<\/span>\n\t\t\t\t\t\t\t\t\t\t<span class=\"elementor-icon-list-text\">Telefon: 111 234 689<\/span>\n\t\t\t\t\t\t\t\t\t<\/li>\n\t\t\t\t\t\t<\/ul>\n\t\t\t\t\t\t<\/div>\n\t\t\t\t<\/div>\n\t\t\t\t<\/div>\n\t\t<div class=\"elementor-element elementor-element-228ac2b e-con-full e-flex e-con e-child\" data-id=\"228ac2b\" data-element_type=\"container\" data-e-type=\"container\" data-settings=\"{&quot;background_background&quot;:&quot;classic&quot;}\">\n\t\t\t\t<div class=\"elementor-element elementor-element-af826a6 img_style dce_masking-none elementor-widget elementor-widget-image\" data-id=\"af826a6\" data-element_type=\"widget\" data-e-type=\"widget\" data-widget_type=\"image.default\">\n\t\t\t\t<div class=\"elementor-widget-container\">\n\t\t\t\t\t\t\t\t\t\t\t\t\t\t\t<img decoding=\"async\" src=\"https:\/\/maialiving.com\/wp-content\/uploads\/2025\/07\/team005.jpg\" title=\"\" alt=\"\" loading=\"lazy\" \/>\t\t\t\t\t\t\t\t\t\t\t\t\t\t\t<\/div>\n\t\t\t\t<\/div>\n\t\t\t\t<div class=\"elementor-element elementor-element-69363dc elementor-widget elementor-widget-heading\" data-id=\"69363dc\" data-element_type=\"widget\" data-e-type=\"widget\" data-widget_type=\"heading.default\">\n\t\t\t\t<div class=\"elementor-widget-container\">\n\t\t\t\t\t<h2 class=\"elementor-heading-title elementor-size-default\">Michael Graud\u00dfus<\/h2>\t\t\t\t<\/div>\n\t\t\t\t<\/div>\n\t\t\t\t<div class=\"elementor-element elementor-element-9c0996b elementor-align-center elementor-mobile-align-start elementor-icon-list--layout-traditional elementor-list-item-link-full_width elementor-widget elementor-widget-icon-list\" data-id=\"9c0996b\" data-element_type=\"widget\" data-e-type=\"widget\" data-widget_type=\"icon-list.default\">\n\t\t\t\t<div class=\"elementor-widget-container\">\n\t\t\t\t\t\t\t<ul class=\"elementor-icon-list-items\">\n\t\t\t\t\t\t\t<li class=\"elementor-icon-list-item\">\n\t\t\t\t\t\t\t\t\t\t\t<span class=\"elementor-icon-list-icon\">\n\t\t\t\t\t\t\t<i aria-hidden=\"true\" class=\"icons icon-envelope-letter\"><\/i>\t\t\t\t\t\t<\/span>\n\t\t\t\t\t\t\t\t\t\t<span class=\"elementor-icon-list-text\">E-Mail: michaelgraud\u00dfus@gmail.com<\/span>\n\t\t\t\t\t\t\t\t\t<\/li>\n\t\t\t\t\t\t\t\t<li class=\"elementor-icon-list-item\">\n\t\t\t\t\t\t\t\t\t\t\t<span class=\"elementor-icon-list-icon\">\n\t\t\t\t\t\t\t<i aria-hidden=\"true\" class=\"icons icon-screen-smartphone\"><\/i>\t\t\t\t\t\t<\/span>\n\t\t\t\t\t\t\t\t\t\t<span class=\"elementor-icon-list-text\">Telefon: 111 234 689<\/span>\n\t\t\t\t\t\t\t\t\t<\/li>\n\t\t\t\t\t\t<\/ul>\n\t\t\t\t\t\t<\/div>\n\t\t\t\t<\/div>\n\t\t\t\t<\/div>\n\t\t\t\t<\/div>\n\t\t\t\t\t<\/div>\n\t\t\t\t<\/div>\n\t\t\t\t\t<\/div>\n\t\t\t\t<\/div>\n\t\t\t\t<\/div>\n\t\t","protected":false},"excerpt":{"rendered":"<p>Spazi abitativi visionari con stile e sostanza Maia Living GmbH \u00e8 un&#8217;azienda emergente nel settore immobiliare, i cui soci fondatori operano con successo da oltre 30 anni nel settore dell\u2019edilizia e dell\u2019immobiliare. La nostra lunga esperienza, unita a una costante ricerca della perfezione e della realizzazione, fa s\u00ec che i nostri immobili non siano semplici [&hellip;]<\/p>\n","protected":false},"author":1,"featured_media":0,"parent":0,"menu_order":0,"comment_status":"closed","ping_status":"closed","template":"elementor_header_footer","meta":{"_acf_changed":false,"footnotes":""},"class_list":["post-5184","page","type-page","status-publish","hentry"],"acf":[],"yoast_head":"<!-- This site is optimized with the Yoast SEO plugin v27.2 - https:\/\/yoast.com\/product\/yoast-seo-wordpress\/ -->\n<title>Su Maia Living \u2013 Immobili in Alto Adige e sul Lago di Garda<\/title>\n<meta name=\"description\" content=\"Scoprite di pi\u00f9 su Maia Living: oltre 30 anni di esperienza nel settore, costruzioni sostenibili e immobili di alta qualit\u00e0 in Alto Adige e sul Lago di Garda.\" \/>\n<meta name=\"robots\" content=\"index, follow, max-snippet:-1, max-image-preview:large, max-video-preview:-1\" \/>\n<link rel=\"canonical\" href=\"https:\/\/maialiving.com\/it\/uber-uns\/\" \/>\n<meta property=\"og:locale\" content=\"it_IT\" \/>\n<meta property=\"og:type\" content=\"article\" \/>\n<meta property=\"og:title\" content=\"Su Maia Living \u2013 Immobili in Alto Adige e sul Lago di Garda\" \/>\n<meta property=\"og:description\" content=\"Scoprite di pi\u00f9 su Maia Living: oltre 30 anni di esperienza nel settore, costruzioni sostenibili e immobili di alta qualit\u00e0 in Alto Adige e sul Lago di Garda.\" \/>\n<meta property=\"og:url\" content=\"https:\/\/maialiving.com\/it\/uber-uns\/\" \/>\n<meta property=\"og:site_name\" content=\"Maia Living GmbH \u2013 Lebensr\u00e4ume mit Vision\" \/>\n<meta property=\"article:modified_time\" content=\"2025-09-22T13:07:07+00:00\" \/>\n<meta property=\"og:image\" content=\"https:\/\/maialiving.com\/wp-content\/uploads\/2025\/01\/Zimmer-OG-1.png\" \/>\n\t<meta property=\"og:image:width\" content=\"1920\" \/>\n\t<meta property=\"og:image:height\" content=\"1080\" \/>\n\t<meta property=\"og:image:type\" content=\"image\/png\" \/>\n<meta name=\"twitter:card\" content=\"summary_large_image\" \/>\n<meta name=\"twitter:label1\" content=\"Tempo di lettura stimato\" \/>\n\t<meta name=\"twitter:data1\" content=\"3 minuti\" \/>\n<script type=\"application\/ld+json\" class=\"yoast-schema-graph\">{\"@context\":\"https:\/\/schema.org\",\"@graph\":[{\"@type\":\"WebPage\",\"@id\":\"https:\/\/maialiving.com\/it\/uber-uns\/\",\"url\":\"https:\/\/maialiving.com\/it\/uber-uns\/\",\"name\":\"Su Maia Living \u2013 Immobili in Alto Adige e sul Lago di Garda\",\"isPartOf\":{\"@id\":\"https:\/\/maialiving.com\/it\/#website\"},\"primaryImageOfPage\":{\"@id\":\"https:\/\/maialiving.com\/it\/uber-uns\/#primaryimage\"},\"image\":{\"@id\":\"https:\/\/maialiving.com\/it\/uber-uns\/#primaryimage\"},\"thumbnailUrl\":\"https:\/\/maialiving.com\/wp-content\/uploads\/2025\/01\/Zimmer-OG-1.png\",\"datePublished\":\"2025-06-18T09:33:42+00:00\",\"dateModified\":\"2025-09-22T13:07:07+00:00\",\"description\":\"Scoprite di pi\u00f9 su Maia Living: oltre 30 anni di esperienza nel settore, costruzioni sostenibili e immobili di alta qualit\u00e0 in Alto Adige e sul Lago di Garda.\",\"breadcrumb\":{\"@id\":\"https:\/\/maialiving.com\/it\/uber-uns\/#breadcrumb\"},\"inLanguage\":\"it-IT\",\"potentialAction\":[{\"@type\":\"ReadAction\",\"target\":[\"https:\/\/maialiving.com\/it\/uber-uns\/\"]}]},{\"@type\":\"ImageObject\",\"inLanguage\":\"it-IT\",\"@id\":\"https:\/\/maialiving.com\/it\/uber-uns\/#primaryimage\",\"url\":\"https:\/\/maialiving.com\/wp-content\/uploads\/2025\/01\/Zimmer-OG-1.png\",\"contentUrl\":\"https:\/\/maialiving.com\/wp-content\/uploads\/2025\/01\/Zimmer-OG-1.png\"},{\"@type\":\"BreadcrumbList\",\"@id\":\"https:\/\/maialiving.com\/it\/uber-uns\/#breadcrumb\",\"itemListElement\":[{\"@type\":\"ListItem\",\"position\":1,\"name\":\"Home\",\"item\":\"https:\/\/maialiving.com\/it\/\"},{\"@type\":\"ListItem\",\"position\":2,\"name\":\"\u00dcber uns\"}]},{\"@type\":\"WebSite\",\"@id\":\"https:\/\/maialiving.com\/it\/#website\",\"url\":\"https:\/\/maialiving.com\/it\/\",\"name\":\"Maia Living GmbH \u2013 Lebensr\u00e4ume mit Vision\",\"description\":\"\",\"publisher\":{\"@id\":\"https:\/\/maialiving.com\/it\/#organization\"},\"potentialAction\":[{\"@type\":\"SearchAction\",\"target\":{\"@type\":\"EntryPoint\",\"urlTemplate\":\"https:\/\/maialiving.com\/it\/?s={search_term_string}\"},\"query-input\":{\"@type\":\"PropertyValueSpecification\",\"valueRequired\":true,\"valueName\":\"search_term_string\"}}],\"inLanguage\":\"it-IT\"},{\"@type\":\"Organization\",\"@id\":\"https:\/\/maialiving.com\/it\/#organization\",\"name\":\"Maia Living GmbH \u2013 Lebensr\u00e4ume mit Vision\",\"url\":\"https:\/\/maialiving.com\/it\/\",\"logo\":{\"@type\":\"ImageObject\",\"inLanguage\":\"it-IT\",\"@id\":\"https:\/\/maialiving.com\/it\/#\/schema\/logo\/image\/\",\"url\":\"https:\/\/maialiving.com\/wp-content\/uploads\/2025\/06\/Maia-Living-Favicon.png\",\"contentUrl\":\"https:\/\/maialiving.com\/wp-content\/uploads\/2025\/06\/Maia-Living-Favicon.png\",\"width\":400,\"height\":400,\"caption\":\"Maia Living GmbH \u2013 Lebensr\u00e4ume mit Vision\"},\"image\":{\"@id\":\"https:\/\/maialiving.com\/it\/#\/schema\/logo\/image\/\"}}]}<\/script>\n<!-- \/ Yoast SEO plugin. -->","yoast_head_json":{"title":"Su Maia Living \u2013 Immobili in Alto Adige e sul Lago di Garda","description":"Scoprite di pi\u00f9 su Maia Living: oltre 30 anni di esperienza nel settore, costruzioni sostenibili e immobili di alta qualit\u00e0 in Alto Adige e sul Lago di Garda.","robots":{"index":"index","follow":"follow","max-snippet":"max-snippet:-1","max-image-preview":"max-image-preview:large","max-video-preview":"max-video-preview:-1"},"canonical":"https:\/\/maialiving.com\/it\/uber-uns\/","og_locale":"it_IT","og_type":"article","og_title":"Su Maia Living \u2013 Immobili in Alto Adige e sul Lago di Garda","og_description":"Scoprite di pi\u00f9 su Maia Living: oltre 30 anni di esperienza nel settore, costruzioni sostenibili e immobili di alta qualit\u00e0 in Alto Adige e sul Lago di Garda.","og_url":"https:\/\/maialiving.com\/it\/uber-uns\/","og_site_name":"Maia Living GmbH \u2013 Lebensr\u00e4ume mit Vision","article_modified_time":"2025-09-22T13:07:07+00:00","og_image":[{"width":1920,"height":1080,"url":"https:\/\/maialiving.com\/wp-content\/uploads\/2025\/01\/Zimmer-OG-1.png","type":"image\/png"}],"twitter_card":"summary_large_image","twitter_misc":{"Tempo di lettura stimato":"3 minuti"},"schema":{"@context":"https:\/\/schema.org","@graph":[{"@type":"WebPage","@id":"https:\/\/maialiving.com\/it\/uber-uns\/","url":"https:\/\/maialiving.com\/it\/uber-uns\/","name":"Su Maia Living \u2013 Immobili in Alto Adige e sul Lago di Garda","isPartOf":{"@id":"https:\/\/maialiving.com\/it\/#website"},"primaryImageOfPage":{"@id":"https:\/\/maialiving.com\/it\/uber-uns\/#primaryimage"},"image":{"@id":"https:\/\/maialiving.com\/it\/uber-uns\/#primaryimage"},"thumbnailUrl":"https:\/\/maialiving.com\/wp-content\/uploads\/2025\/01\/Zimmer-OG-1.png","datePublished":"2025-06-18T09:33:42+00:00","dateModified":"2025-09-22T13:07:07+00:00","description":"Scoprite di pi\u00f9 su Maia Living: oltre 30 anni di esperienza nel settore, costruzioni sostenibili e immobili di alta qualit\u00e0 in Alto Adige e sul Lago di Garda.","breadcrumb":{"@id":"https:\/\/maialiving.com\/it\/uber-uns\/#breadcrumb"},"inLanguage":"it-IT","potentialAction":[{"@type":"ReadAction","target":["https:\/\/maialiving.com\/it\/uber-uns\/"]}]},{"@type":"ImageObject","inLanguage":"it-IT","@id":"https:\/\/maialiving.com\/it\/uber-uns\/#primaryimage","url":"https:\/\/maialiving.com\/wp-content\/uploads\/2025\/01\/Zimmer-OG-1.png","contentUrl":"https:\/\/maialiving.com\/wp-content\/uploads\/2025\/01\/Zimmer-OG-1.png"},{"@type":"BreadcrumbList","@id":"https:\/\/maialiving.com\/it\/uber-uns\/#breadcrumb","itemListElement":[{"@type":"ListItem","position":1,"name":"Home","item":"https:\/\/maialiving.com\/it\/"},{"@type":"ListItem","position":2,"name":"\u00dcber uns"}]},{"@type":"WebSite","@id":"https:\/\/maialiving.com\/it\/#website","url":"https:\/\/maialiving.com\/it\/","name":"Maia Living GmbH \u2013 Lebensr\u00e4ume mit Vision","description":"","publisher":{"@id":"https:\/\/maialiving.com\/it\/#organization"},"potentialAction":[{"@type":"SearchAction","target":{"@type":"EntryPoint","urlTemplate":"https:\/\/maialiving.com\/it\/?s={search_term_string}"},"query-input":{"@type":"PropertyValueSpecification","valueRequired":true,"valueName":"search_term_string"}}],"inLanguage":"it-IT"},{"@type":"Organization","@id":"https:\/\/maialiving.com\/it\/#organization","name":"Maia Living GmbH \u2013 Lebensr\u00e4ume mit Vision","url":"https:\/\/maialiving.com\/it\/","logo":{"@type":"ImageObject","inLanguage":"it-IT","@id":"https:\/\/maialiving.com\/it\/#\/schema\/logo\/image\/","url":"https:\/\/maialiving.com\/wp-content\/uploads\/2025\/06\/Maia-Living-Favicon.png","contentUrl":"https:\/\/maialiving.com\/wp-content\/uploads\/2025\/06\/Maia-Living-Favicon.png","width":400,"height":400,"caption":"Maia Living GmbH \u2013 Lebensr\u00e4ume mit Vision"},"image":{"@id":"https:\/\/maialiving.com\/it\/#\/schema\/logo\/image\/"}}]}},"_links":{"self":[{"href":"https:\/\/maialiving.com\/it\/wp-json\/wp\/v2\/pages\/5184","targetHints":{"allow":["GET"]}}],"collection":[{"href":"https:\/\/maialiving.com\/it\/wp-json\/wp\/v2\/pages"}],"about":[{"href":"https:\/\/maialiving.com\/it\/wp-json\/wp\/v2\/types\/page"}],"author":[{"embeddable":true,"href":"https:\/\/maialiving.com\/it\/wp-json\/wp\/v2\/users\/1"}],"replies":[{"embeddable":true,"href":"https:\/\/maialiving.com\/it\/wp-json\/wp\/v2\/comments?post=5184"}],"version-history":[{"count":5,"href":"https:\/\/maialiving.com\/it\/wp-json\/wp\/v2\/pages\/5184\/revisions"}],"predecessor-version":[{"id":6665,"href":"https:\/\/maialiving.com\/it\/wp-json\/wp\/v2\/pages\/5184\/revisions\/6665"}],"wp:attachment":[{"href":"https:\/\/maialiving.com\/it\/wp-json\/wp\/v2\/media?parent=5184"}],"curies":[{"name":"wp","href":"https:\/\/api.w.org\/{rel}","templated":true}]}}